{"id":64,"date":"2023-09-10T15:55:59","date_gmt":"2023-09-10T13:55:59","guid":{"rendered":"https:\/\/www.closertonature.online\/?page_id=64"},"modified":"2026-02-10T12:21:51","modified_gmt":"2026-02-10T11:21:51","slug":"ochrana-stada","status":"publish","type":"page","link":"https:\/\/www.closertonature.online\/index.php\/ochrana-stada\/","title":{"rendered":"Ochrana st\u00e1da"},"content":{"rendered":"<section class=\"wpb-content-wrapper\">[vc_section][vc_row][vc_column][vc_empty_space]<div class=\"norebro-heading-sc heading text-center\"\n\tid=\"norebro-custom-69eccb9f087d8\" \n\t \n\t>\n\t\n\t\n\t\n\t<h1 class=\"title\">\n\t\tNa\u0161e odchovy pri ochrane st\u00e1da\t<\/h1>\n\n\t\n\t\t\t<p class=\"subtitle\">\n\t\t\t\t\t<\/p>\n\t\t\n<\/div>[vc_empty_space height=&#8220;20px&#8220;]<div class=\"norebro-text-sc \" \n\tid=\"norebro-custom-69eccb9f088fd\" \n\t \n\t>\n\n\t<p style=\"text-align: center;\">Z na\u0161ich odchovov akt\u00edvne str\u00e1\u017eia st\u00e1do: Ada a Ava z Lesa \u010c\u00e1rskeho na farme Krovinka, kde str\u00e1\u017eia kozy a ovce; Aqoush, Aegon a Ba\u010da z Lesa \u010c\u00e1rskeho na farme Mamian v \u010ceskej Republike, kde str\u00e1\u017eia pribli\u017ene 700 oviec, kone a pod.; Apache z Lesa \u010c\u00e1rskeho na Plumfarm kde str\u00e1\u017ei sliepky a ove\u010dky; Bastien z Lesa \u010c\u00e1rskeho taktie\u017e na farme u samostatne hospod\u00e1riaceho ro\u013en\u00edka, resp. soukrom\u00e9ho zem\u011bdelce v \u010ceskej Republike, kde str\u00e1\u017ei ove\u010dky, ako aj Billie z Lesa \u010c\u00e1rskeho, taktie\u017e pri ove\u010dk\u00e1ch na farme v \u010cech\u00e1ch; Adeline z Lesa \u010c\u00e1rskeho p\u00f4sob\u00ed pri ove\u010dk\u00e1ch na Slovensku a okrem nej ako \u0161teniatka odi\u0161li na farmu aj Basque z Lesa \u010c\u00e1rskeho a Bo z Lesa \u010c\u00e1rskeho<\/p>\n<p>&nbsp;<\/p>\n<p style=\"text-align: center;\">Aella, Atea, Amigo (\u010cR), Admin (\u010cR), Brooke, Bodhi a Barron sa nach\u00e1dzaj\u00fa v miluj\u00facich rodin\u00e1ch s priestrann\u00fdm pozemkom, kde svoje rodiny spo\u013eahlivo str\u00e1\u017eia a robia im rados\u0165.<\/p>\n\t\n<\/div>[vc_empty_space height=&#8220;20px&#8220;]<div class=\"norebro-gallery-sc gallery-wrap\"\n\tid=\"norebro-custom-images-69eccb9f09a1d\"\n\tdata-gallery=\"norebro-custom-69eccb9f09a1c\"\n\t\t>\n\n\t\n\t<div class=\"vc_row\" data-lazy-container=\"gallery\">\n\n\t\t\t<div class=\" vc_col-lg-3 vc_col-md-4 vc_col-sm-6 vc_col-xs-12 metro-style masonry-block grid-item gallery-image\" data-gallery-item=\"0\" data-lazy-item=\"\" data-lazy-scope=\"gallery\">\n\t\t<div class=\"wrap\">\n\t\t\t\t\t\t\t<div class=\"tmp-image metro-image\" data-norebro-bg-image=\"https:\/\/www.closertonature.online\/wp-content\/uploads\/2026\/02\/IMG_8735.jpg\"><\/div>\n\t\t\t\t<img decoding=\"async\" class=\"gimg metro-image-hidden\" src=\"https:\/\/www.closertonature.online\/wp-content\/uploads\/2026\/02\/IMG_8735.jpg\" alt=\"Pastiersky pes le\u017eiaci medzi sliepkami s ovcami v pozad\u00ed\">\n\t\t\t\t\t\t<div class=\"overlay with-title\">\n\t\t\t\t<div class=\"content-center text-center\">\n\t\t\t\t\t<div class=\"wrap\">\n\t\t\t\t\t\t<h4 class=\"inline\">\n\t\t\t\t\t\t\t\t\t\t\t\t\tApache z Lesa \u010c\u00e1rskeho\t\t\t\t\t\t\t\t\t\t\t\t<\/h4>\n\t\t\t\t\t\t<div class=\"icon inline ion-ios-plus-empty\"><\/div>\n\t\t\t\t\t<\/div>\n\t\t\t\t<\/div>\n\t\t\t<\/div>\n\t\t\t<div class=\"gallery-description\">\n\t\t\t\t<h3 class=\"title\">Apache z Lesa \u010c\u00e1rskeho<\/h3>\n\t\t\t\t<p class=\"subtitle small\">\n\t\t\t\t\t\t\t\t\t<\/p>\n\t\t\t<\/div>\n\t\t<\/div>\n\t<\/div>\n\t\t\t<div class=\" vc_col-lg-3 vc_col-md-4 vc_col-sm-6 vc_col-xs-12 metro-style masonry-block grid-item gallery-image\" data-gallery-item=\"1\" data-lazy-item=\"\" data-lazy-scope=\"gallery\">\n\t\t<div class=\"wrap\">\n\t\t\t\t\t\t\t<div class=\"tmp-image metro-image\" data-norebro-bg-image=\"https:\/\/www.closertonature.online\/wp-content\/uploads\/2026\/02\/PHOTO-2025-11-04-10-39-29.jpg\"><\/div>\n\t\t\t\t<img decoding=\"async\" class=\"gimg metro-image-hidden\" src=\"https:\/\/www.closertonature.online\/wp-content\/uploads\/2026\/02\/PHOTO-2025-11-04-10-39-29.jpg\" alt=\"Pastiersky pes medzi ovcami\">\n\t\t\t\t\t\t<div class=\"overlay with-title\">\n\t\t\t\t<div class=\"content-center text-center\">\n\t\t\t\t\t<div class=\"wrap\">\n\t\t\t\t\t\t<h4 class=\"inline\">\n\t\t\t\t\t\t\t\t\t\t\t\t\tBastien z Lesa \u010c\u00e1rskeho\t\t\t\t\t\t\t\t\t\t\t\t<\/h4>\n\t\t\t\t\t\t<div class=\"icon inline ion-ios-plus-empty\"><\/div>\n\t\t\t\t\t<\/div>\n\t\t\t\t<\/div>\n\t\t\t<\/div>\n\t\t\t<div class=\"gallery-description\">\n\t\t\t\t<h3 class=\"title\">Bastien z Lesa \u010c\u00e1rskeho<\/h3>\n\t\t\t\t<p class=\"subtitle small\">\n\t\t\t\t\t\t\t\t\t<\/p>\n\t\t\t<\/div>\n\t\t<\/div>\n\t<\/div>\n\t\t\t<div class=\" vc_col-lg-3 vc_col-md-4 vc_col-sm-6 vc_col-xs-12 metro-style masonry-block grid-item gallery-image\" data-gallery-item=\"2\" data-lazy-item=\"\" data-lazy-scope=\"gallery\">\n\t\t<div class=\"wrap\">\n\t\t\t\t\t\t\t<div class=\"tmp-image metro-image\" data-norebro-bg-image=\"https:\/\/www.closertonature.online\/wp-content\/uploads\/2026\/02\/PHOTO-2026-01-21-11-41-19.jpg\"><\/div>\n\t\t\t\t<img decoding=\"async\" class=\"gimg metro-image-hidden\" src=\"https:\/\/www.closertonature.online\/wp-content\/uploads\/2026\/02\/PHOTO-2026-01-21-11-41-19.jpg\" alt=\"Pastierske psy pri ovciach\">\n\t\t\t\t\t\t<div class=\"overlay with-title\">\n\t\t\t\t<div class=\"content-center text-center\">\n\t\t\t\t\t<div class=\"wrap\">\n\t\t\t\t\t\t<h4 class=\"inline\">\n\t\t\t\t\t\t\t\t\t\t\t\t\tBastien z Lesa \u010c\u00e1rskeho\t\t\t\t\t\t\t\t\t\t\t\t<\/h4>\n\t\t\t\t\t\t<div class=\"icon inline ion-ios-plus-empty\"><\/div>\n\t\t\t\t\t<\/div>\n\t\t\t\t<\/div>\n\t\t\t<\/div>\n\t\t\t<div class=\"gallery-description\">\n\t\t\t\t<h3 class=\"title\">Bastien z Lesa \u010c\u00e1rskeho<\/h3>\n\t\t\t\t<p class=\"subtitle small\">\n\t\t\t\t\t\t\t\t\t<\/p>\n\t\t\t<\/div>\n\t\t<\/div>\n\t<\/div>\n\t\t\t<div class=\" vc_col-lg-3 vc_col-md-4 vc_col-sm-6 vc_col-xs-12 metro-style masonry-block grid-item gallery-image\" data-gallery-item=\"3\" data-lazy-item=\"\" data-lazy-scope=\"gallery\">\n\t\t<div class=\"wrap\">\n\t\t\t\t\t\t\t<div class=\"tmp-image metro-image\" data-norebro-bg-image=\"https:\/\/www.closertonature.online\/wp-content\/uploads\/2026\/02\/IMG_8944-scaled.jpg\"><\/div>\n\t\t\t\t<img decoding=\"async\" class=\"gimg metro-image-hidden\" src=\"https:\/\/www.closertonature.online\/wp-content\/uploads\/2026\/02\/IMG_8944-scaled.jpg\" alt=\"Dva pastierske psy s ovcami v pozad\u00ed\">\n\t\t\t\t\t\t<div class=\"overlay with-title\">\n\t\t\t\t<div class=\"content-center text-center\">\n\t\t\t\t\t<div class=\"wrap\">\n\t\t\t\t\t\t<h4 class=\"inline\">\n\t\t\t\t\t\t\t\t\t\t\t\t\tAqoush a Aegon z Lesa \u010c\u00e1rskeho\t\t\t\t\t\t\t\t\t\t\t\t<\/h4>\n\t\t\t\t\t\t<div class=\"icon inline ion-ios-plus-empty\"><\/div>\n\t\t\t\t\t<\/div>\n\t\t\t\t<\/div>\n\t\t\t<\/div>\n\t\t\t<div class=\"gallery-description\">\n\t\t\t\t<h3 class=\"title\">Aqoush a Aegon z Lesa \u010c\u00e1rskeho<\/h3>\n\t\t\t\t<p class=\"subtitle small\">\n\t\t\t\t\t\t\t\t\t<\/p>\n\t\t\t<\/div>\n\t\t<\/div>\n\t<\/div>\n\t\t\t<div class=\" vc_col-lg-3 vc_col-md-4 vc_col-sm-6 vc_col-xs-12 metro-style masonry-block grid-item gallery-image\" data-gallery-item=\"4\" data-lazy-item=\"\" data-lazy-scope=\"gallery\">\n\t\t<div class=\"wrap\">\n\t\t\t\t\t\t\t<div class=\"tmp-image metro-image\" data-norebro-bg-image=\"https:\/\/www.closertonature.online\/wp-content\/uploads\/2026\/02\/IMG_9760.jpg\"><\/div>\n\t\t\t\t<img decoding=\"async\" class=\"gimg metro-image-hidden\" src=\"https:\/\/www.closertonature.online\/wp-content\/uploads\/2026\/02\/IMG_9760.jpg\" alt=\"Pastiersky pes a k\u00f4\u0148 na pastvine\">\n\t\t\t\t\t\t<div class=\"overlay with-title\">\n\t\t\t\t<div class=\"content-center text-center\">\n\t\t\t\t\t<div class=\"wrap\">\n\t\t\t\t\t\t<h4 class=\"inline\">\n\t\t\t\t\t\t\t\t\t\t\t\t\tAegon z Lesa \u010c\u00e1rskeho\t\t\t\t\t\t\t\t\t\t\t\t<\/h4>\n\t\t\t\t\t\t<div class=\"icon inline ion-ios-plus-empty\"><\/div>\n\t\t\t\t\t<\/div>\n\t\t\t\t<\/div>\n\t\t\t<\/div>\n\t\t\t<div class=\"gallery-description\">\n\t\t\t\t<h3 class=\"title\">Aegon z Lesa \u010c\u00e1rskeho<\/h3>\n\t\t\t\t<p class=\"subtitle small\">\n\t\t\t\t\t\t\t\t\t<\/p>\n\t\t\t<\/div>\n\t\t<\/div>\n\t<\/div>\n\t\t\t<div class=\" vc_col-lg-3 vc_col-md-4 vc_col-sm-6 vc_col-xs-12 metro-style masonry-block grid-item gallery-image\" data-gallery-item=\"5\" data-lazy-item=\"\" data-lazy-scope=\"gallery\">\n\t\t<div class=\"wrap\">\n\t\t\t\t\t\t\t<div class=\"tmp-image metro-image\" data-norebro-bg-image=\"https:\/\/www.closertonature.online\/wp-content\/uploads\/2026\/02\/IMG_9761.jpg\"><\/div>\n\t\t\t\t<img decoding=\"async\" class=\"gimg metro-image-hidden\" src=\"https:\/\/www.closertonature.online\/wp-content\/uploads\/2026\/02\/IMG_9761.jpg\" alt=\"Pastiersky pes s ovcami v pozad\u00ed\">\n\t\t\t\t\t\t<div class=\"overlay with-title\">\n\t\t\t\t<div class=\"content-center text-center\">\n\t\t\t\t\t<div class=\"wrap\">\n\t\t\t\t\t\t<h4 class=\"inline\">\n\t\t\t\t\t\t\t\t\t\t\t\t\tAqoush z Lesa \u010c\u00e1rskeho\t\t\t\t\t\t\t\t\t\t\t\t<\/h4>\n\t\t\t\t\t\t<div class=\"icon inline ion-ios-plus-empty\"><\/div>\n\t\t\t\t\t<\/div>\n\t\t\t\t<\/div>\n\t\t\t<\/div>\n\t\t\t<div class=\"gallery-description\">\n\t\t\t\t<h3 class=\"title\">Aqoush z Lesa \u010c\u00e1rskeho<\/h3>\n\t\t\t\t<p class=\"subtitle small\">\n\t\t\t\t\t\t\t\t\t<\/p>\n\t\t\t<\/div>\n\t\t<\/div>\n\t<\/div>\n\t\t\t<div class=\" vc_col-lg-3 vc_col-md-4 vc_col-sm-6 vc_col-xs-12 metro-style masonry-block grid-item gallery-image\" data-gallery-item=\"6\" data-lazy-item=\"\" data-lazy-scope=\"gallery\">\n\t\t<div class=\"wrap\">\n\t\t\t\t\t\t\t<div class=\"tmp-image metro-image\" data-norebro-bg-image=\"https:\/\/www.closertonature.online\/wp-content\/uploads\/2026\/02\/a5726718-97f7-4f9f-9add-f716df4216fe.jpg\"><\/div>\n\t\t\t\t<img decoding=\"async\" class=\"gimg metro-image-hidden\" src=\"https:\/\/www.closertonature.online\/wp-content\/uploads\/2026\/02\/a5726718-97f7-4f9f-9add-f716df4216fe.jpg\" alt=\"Pastiersky pes za opl\u00f4tkom s ovcami\">\n\t\t\t\t\t\t<div class=\"overlay with-title\">\n\t\t\t\t<div class=\"content-center text-center\">\n\t\t\t\t\t<div class=\"wrap\">\n\t\t\t\t\t\t<h4 class=\"inline\">\n\t\t\t\t\t\t\t\t\t\t\t\t\tBastien z Lesa \u010c\u00e1rskeho\t\t\t\t\t\t\t\t\t\t\t\t<\/h4>\n\t\t\t\t\t\t<div class=\"icon inline ion-ios-plus-empty\"><\/div>\n\t\t\t\t\t<\/div>\n\t\t\t\t<\/div>\n\t\t\t<\/div>\n\t\t\t<div class=\"gallery-description\">\n\t\t\t\t<h3 class=\"title\">Bastien z Lesa \u010c\u00e1rskeho<\/h3>\n\t\t\t\t<p class=\"subtitle small\">\n\t\t\t\t\t\t\t\t\t<\/p>\n\t\t\t<\/div>\n\t\t<\/div>\n\t<\/div>\n\t\t\t<div class=\" vc_col-lg-3 vc_col-md-4 vc_col-sm-6 vc_col-xs-12 metro-style masonry-block grid-item gallery-image\" data-gallery-item=\"7\" data-lazy-item=\"\" data-lazy-scope=\"gallery\">\n\t\t<div class=\"wrap\">\n\t\t\t\t\t\t\t<div class=\"tmp-image metro-image\" data-norebro-bg-image=\"https:\/\/www.closertonature.online\/wp-content\/uploads\/2026\/02\/aef2dccd-9767-4d7f-b239-8a512249f1e2.jpg\"><\/div>\n\t\t\t\t<img decoding=\"async\" class=\"gimg metro-image-hidden\" src=\"https:\/\/www.closertonature.online\/wp-content\/uploads\/2026\/02\/aef2dccd-9767-4d7f-b239-8a512249f1e2.jpg\" alt=\"Pastiersky pes v zime s ovcami v pozad\u00ed\">\n\t\t\t\t\t\t<div class=\"overlay with-title\">\n\t\t\t\t<div class=\"content-center text-center\">\n\t\t\t\t\t<div class=\"wrap\">\n\t\t\t\t\t\t<h4 class=\"inline\">\n\t\t\t\t\t\t\t\t\t\t\t\t\tApache z Lesa \u010c\u00e1rskeho\t\t\t\t\t\t\t\t\t\t\t\t<\/h4>\n\t\t\t\t\t\t<div class=\"icon inline ion-ios-plus-empty\"><\/div>\n\t\t\t\t\t<\/div>\n\t\t\t\t<\/div>\n\t\t\t<\/div>\n\t\t\t<div class=\"gallery-description\">\n\t\t\t\t<h3 class=\"title\">Apache z Lesa \u010c\u00e1rskeho<\/h3>\n\t\t\t\t<p class=\"subtitle small\">\n\t\t\t\t\t\t\t\t\t<\/p>\n\t\t\t<\/div>\n\t\t<\/div>\n\t<\/div>\n\t\t<div class=\"clear\"><\/div>\n\n\t<\/div>\n\n\t\n<\/div>\n\n<div class=\"norebro-gallery-opened-sc custom-gallery\"\n\tid=\"norebro-custom-69eccb9f09a1c\"\n\tdata-options='{\"navClass\":\"\"}'>\n\n\t<div class=\"expand\">\n\t\t<span class=\"ion-android-expand\"><\/span>\n\t<\/div>\n\t<div class=\"close\">\n\t\t<span class=\"ion-ios-close-empty\"><\/span>\n\t<\/div>\n\n<\/div>\n[\/vc_column][\/vc_row][vc_row][vc_column width=&#8220;1\/2&#8243;][vc_video link=&#8220;https:\/\/www.youtube.com\/shorts\/kzmUDLUc5-w&#8220; el_aspect=&#8220;34&#8243;][\/vc_column][vc_column width=&#8220;1\/2&#8243;][vc_video link=&#8220;https:\/\/www.youtube.com\/shorts\/UtQag1DmhCA&#8220; el_aspect=&#8220;34&#8243;][\/vc_column][\/vc_row][\/vc_section][vc_row el_id=&#8220;ochrana&#8220;][vc_column][vc_empty_space]<div class=\"norebro-heading-sc heading text-center\"\n\tid=\"norebro-custom-69eccb9f09b36\" \n\t \n\t>\n\t\n\t\n\t\n\t<h2 class=\"title\">\n\t\tOchrana st\u00e1da\t<\/h2>\n\n\t\n\t\t\t<p class=\"subtitle\">\n\t\t\t\t\t<\/p>\n\t\t\n<\/div>[vc_empty_space height=&#8220;20px&#8220;]<div class=\"norebro-text-sc \" \n\tid=\"norebro-custom-69eccb9f09be2\" \n\t \n\t>\n\n\t<p style=\"text-align: center;\">Pastierske str\u00e1\u017ene psy predstavuj\u00fa dodnes naj\u00fa\u010dinnej\u0161\u00ed sp\u00f4sob ochrany a obrany hospod\u00e1rskych zvierat pred \u00fatokmi ve\u013ek\u00fdch \u0161eliem.<\/p>\n<p style=\"text-align: center;\">Okrem psov je vhodn\u00e9 pou\u017e\u00edva\u0165 navy\u0161e aj elektrick\u00e9 ohradn\u00edky a r\u00f4zne odr\u00e1dzadl\u00e1 sl\u00fa\u017eiace na odpla\u0161enie, vo forme leskn\u00facich sa odraziek a predmetov vej\u00facich vo vetre, ktor\u00e9 vedia by\u0165 ve\u013emi \u00fa\u010dinn\u00e9.<\/p>\n<p style=\"text-align: center;\">Spr\u00e1vny pastiersky pes by mal by\u0165 spo\u013eahliv\u00fd a teda, nesmie nap\u00e1da\u0165 a vyru\u0161ova\u0165 statok, mus\u00ed by\u0165 vern\u00fd a zdr\u017eova\u0165 sa v bl\u00edzkosti \u010driedy a mus\u00ed str\u00e1\u017ei\u0165, to znamen\u00e1, \u017ee nedovol\u00ed in\u00e9mu zviera\u0165u, alebo cudziemu \u010dloveku pribl\u00ed\u017ei\u0165 sa k zvierat\u00e1m, ktor\u00e9 m\u00e1 chr\u00e1ni\u0165.<\/p>\n<p>Viac inform\u00e1ci\u00ed o ochrane st\u00e1da, ve\u013ek\u00fdch \u0161elm\u00e1ch a sp\u00f4sobe pr\u00e1ce pastierskych psov n\u00e1jdete tu:<\/p>\n<p><a href=\"https:\/\/selmyskcz.sopsr.sk\/wp-content\/uploads\/2020\/02\/Pr%C3%ADru%C4%8Dka-pre-chovate%C4%BEov-hospod%C3%A1rskych-zvierat-Interreg-%C5%A0lemy-SKCZ-1.pdf\">https:\/\/selmyskcz.sopsr.sk\/wp-content\/uploads\/2020\/02\/Pr%C3%ADru%C4%8Dka-pre-chovate%C4%BEov-hospod%C3%A1rskych-zvierat-Interreg-%C5%A0lemy-SKCZ-1.pdf<\/a><\/p>\n<p><a href=\"https:\/\/ekolist.cz\/cz\/zelena-domacnost\/rady-a-navody\/jak-pribyva-vlku-pribyva-i-pasteveckych-psu.meli-byste-vedet-jak-se-chovat-u-ohrady-kterou-hlida-pastevecky-pes\">https:\/\/ekolist.cz\/cz\/zelena-domacnost\/rady-a-navody\/jak-pribyva-vlku-pribyva-i-pasteveckych-psu.meli-byste-vedet-jak-se-chovat-u-ohrady-kterou-hlida-pastevecky-pes <\/a> <\/p>\n\t\n<\/div>[vc_empty_space height=&#8220;20px&#8220;][vc_single_image image=&#8220;746&#8243; img_size=&#8220;large&#8220; add_caption=&#8220;yes&#8220; alignment=&#8220;center&#8220; style=&#8220;vc_box_rounded&#8220; onclick=&#8220;zoom&#8220;][\/vc_column][\/vc_row]\n<\/section>","protected":false},"excerpt":{"rendered":"<p>[vc_section][vc_row][vc_column][vc_empty_space][vc_empty_space height=&#8220;20px&#8220;][vc_empty_space height=&#8220;20px&#8220;][\/vc_column][\/vc_row][vc_row][vc_column width=&#8220;1\/2&#8243;][vc_video link=&#8220;https:\/\/www.youtube.com\/shorts\/kzmUDLUc5-w&#8220; el_aspect=&#8220;34&#8243;][\/vc_column][vc_column width=&#8220;1\/2&#8243;][vc_video link=&#8220;https:\/\/www.youtube.com\/shorts\/UtQag1DmhCA&#8220; el_aspect=&#8220;34&#8243;][\/vc_column][\/vc_row][\/vc_section][vc_row el_id=&#8220;ochrana&#8220;][vc_column][vc_empty_space][vc_empty_space height=&#8220;20px&#8220;][vc_empty_space height=&#8220;20px&#8220;][vc_single_image image=&#8220;746&#8243; img_size=&#8220;large&#8220;&#8230;<\/p>\n","protected":false},"author":1,"featured_media":0,"parent":0,"menu_order":0,"comment_status":"closed","ping_status":"closed","template":"","meta":{"footnotes":""},"class_list":["post-64","page","type-page","status-publish","hentry"],"acf":[],"aioseo_notices":[],"_links":{"self":[{"href":"https:\/\/www.closertonature.online\/index.php\/wp-json\/wp\/v2\/pages\/64","targetHints":{"allow":["GET"]}}],"collection":[{"href":"https:\/\/www.closertonature.online\/index.php\/wp-json\/wp\/v2\/pages"}],"about":[{"href":"https:\/\/www.closertonature.online\/index.php\/wp-json\/wp\/v2\/types\/page"}],"author":[{"embeddable":true,"href":"https:\/\/www.closertonature.online\/index.php\/wp-json\/wp\/v2\/users\/1"}],"replies":[{"embeddable":true,"href":"https:\/\/www.closertonature.online\/index.php\/wp-json\/wp\/v2\/comments?post=64"}],"version-history":[{"count":36,"href":"https:\/\/www.closertonature.online\/index.php\/wp-json\/wp\/v2\/pages\/64\/revisions"}],"predecessor-version":[{"id":1131,"href":"https:\/\/www.closertonature.online\/index.php\/wp-json\/wp\/v2\/pages\/64\/revisions\/1131"}],"wp:attachment":[{"href":"https:\/\/www.closertonature.online\/index.php\/wp-json\/wp\/v2\/media?parent=64"}],"curies":[{"name":"wp","href":"https:\/\/api.w.org\/{rel}","templated":true}]}}